{"id":11417,"date":"2025-09-30T00:36:42","date_gmt":"2025-09-29T22:36:42","guid":{"rendered":"https:\/\/hirtkinetics.com\/?page_id=11417"},"modified":"2026-01-26T16:59:08","modified_gmt":"2026-01-26T15:59:08","slug":"metallbauzeichner-metallbaukonstrukteur","status":"publish","type":"page","link":"https:\/\/hirtkinetics.com\/de\/metallbauzeichner-metallbaukonstrukteur\/","title":{"rendered":"Metallbauzeichner \/ Metallbaukonstrukteur"},"content":{"rendered":"[vc_row type=\"full_width_background\" full_screen_row_position=\"middle\" column_margin=\"default\" column_direction=\"default\" column_direction_tablet=\"default\" column_direction_phone=\"default\" bg_color=\"#262626&#8243; full_height=\"yes\" columns_placement=\"bottom\" video_bg=\"use_video\" video_mp4=\"https:\/\/hirtkinetics.com\/wp-content\/uploads\/2025\/07\/Zeichner_Loop_HG.mp4&#8243; background_video_loading=\"default\" scene_position=\"center\" text_color=\"light\" text_align=\"left\" row_border_radius=\"none\" row_border_radius_applies=\"bg\" overflow=\"visible\" advanced_gradient=\"linear-gradient(0deg, rgb(0,0,0) 0%, rgba(0,0,0,252) 0%, rgba(0,0,0,0) 43%)\" shape_divider_position=\"bottom\" bg_image_animation=\"zoom-out\" mobile_disable_bg_image_animation=\"true\" parallax_bg=\"true\" parallax_bg_speed=\"medium_fast\" gradient_type=\"advanced\" shape_type=\"\" advanced_gradient_display_type=\"linear\"][vc_column bottom_padding_desktop=\"40px\" column_element_direction_desktop=\"default\" column_element_spacing=\"default\" desktop_text_alignment=\"default\" tablet_text_alignment=\"default\" phone_text_alignment=\"default\" background_color_opacity=\"1&#8243; background_hover_color_opacity=\"1&#8243; column_backdrop_filter=\"none\" column_shadow=\"none\" column_border_radius=\"none\" column_link_target=\"_self\" column_position=\"default\" gradient_direction=\"left_to_right\" overlay_strength=\"0.3&#8243; width=\"1\/1&#8243; tablet_width_inherit=\"default\" animation_type=\"default\" bg_image_animation=\"none\" border_type=\"simple\" column_border_width=\"none\" column_border_style=\"solid\" column_padding_type=\"advanced\" gradient_type=\"default\"][vc_row_inner equal_height=\"yes\" content_placement=\"bottom\" column_margin=\"10px\" column_direction=\"default\" column_direction_tablet=\"default\" column_direction_phone=\"default\" text_align=\"left\" row_position=\"default\" row_position_tablet=\"inherit\" row_position_phone=\"inherit\" overflow=\"visible\" pointer_events=\"all\"][vc_column_inner right_padding_desktop=\"15%\" right_padding_tablet=\"50%\" right_padding_phone=\"15%\" bottom_margin=\"60&#8243; column_element_direction_desktop=\"default\" column_element_spacing=\"default\" desktop_text_alignment=\"default\" tablet_text_alignment=\"default\" phone_text_alignment=\"default\" background_color_opacity=\"1&#8243; background_hover_color_opacity=\"1&#8243; column_backdrop_filter=\"none\" column_shadow=\"none\" column_border_radius=\"none\" column_link_target=\"_self\" overflow=\"visible\" gradient_direction=\"left_to_right\" overlay_strength=\"0.3&#8243; width=\"1\/2&#8243; tablet_width_inherit=\"default\" animation_type=\"default\" bg_image_animation=\"none\" border_type=\"simple\" column_border_width=\"none\" column_border_style=\"solid\" column_padding_type=\"advanced\" gradient_type=\"default\"][split_line_heading animation_type=\"line-reveal-by-space\" font_style=\"h1&#8243; font_size_max=\"72px\" line_reveal_by_space_text_effect=\"letter-reveal-bottom\" stagger_animation=\"true\" content_alignment=\"default\" mobile_content_alignment=\"inherit\" link_target=\"_self\" text_content=\"Metallbau &#8211; Zeichner \/ Metallbau &#8211; Konstrukteur\" text_direction=\"default\" font_size=\"2.5vw\" font_line_height=\"1&#8243; font_size_tablet=\"4vw\" font_size_phone=\"8vw\"][\/split_line_heading][\/vc_column_inner][vc_column_inner column_padding=\"no-extra-padding\" column_padding_tablet=\"inherit\" column_padding_phone=\"inherit\" column_padding_position=\"all\" column_element_direction_desktop=\"default\" column_element_spacing=\"default\" desktop_text_alignment=\"default\" tablet_text_alignment=\"default\" phone_text_alignment=\"default\" background_color_opacity=\"1&#8243; background_hover_color_opacity=\"1&#8243; column_backdrop_filter=\"none\" column_shadow=\"none\" column_border_radius=\"none\" column_link_target=\"_self\" overflow=\"visible\" gradient_direction=\"left_to_right\" overlay_strength=\"0.3&#8243; width=\"1\/2&#8243; tablet_width_inherit=\"default\" animation_type=\"default\" bg_image_animation=\"none\" border_type=\"simple\" column_border_width=\"none\" column_border_style=\"solid\"][\/vc_column_inner][\/vc_row_inner][vc_row_inner equal_height=\"yes\" content_placement=\"bottom\" column_margin=\"10px\" column_direction=\"default\" column_direction_tablet=\"default\" column_direction_phone=\"default\" text_align=\"left\" row_position=\"default\" row_position_tablet=\"inherit\" row_position_phone=\"inherit\" overflow=\"visible\" pointer_events=\"all\"][vc_column_inner right_padding_desktop=\"15%\" right_padding_tablet=\"50%\" right_padding_phone=\"15%\" column_element_direction_desktop=\"default\" column_element_spacing=\"default\" desktop_text_alignment=\"default\" tablet_text_alignment=\"default\" phone_text_alignment=\"default\" background_color_opacity=\"1&#8243; background_hover_color_opacity=\"1&#8243; column_backdrop_filter=\"none\" column_shadow=\"none\" column_border_radius=\"none\" column_link_target=\"_self\" overflow=\"visible\" gradient_direction=\"left_to_right\" overlay_strength=\"0.3&#8243; width=\"1\/2&#8243; tablet_width_inherit=\"default\" animation_type=\"default\" bg_image_animation=\"none\" border_type=\"simple\" column_border_width=\"none\" column_border_style=\"solid\" column_padding_type=\"advanced\" gradient_type=\"default\"][split_line_heading animation_type=\"line-reveal-by-space\" font_style=\"h2&#8243; font_size_max=\"72px\" line_reveal_by_space_text_effect=\"letter-reveal-bottom\" stagger_animation=\"true\" content_alignment=\"default\" mobile_content_alignment=\"inherit\" link_target=\"_self\" text_content=\"Standort: Glattbrugg oder Mollis. Ab sofort.\" text_direction=\"default\" font_size=\"2.5vw\" font_line_height=\"1&#8243; font_size_tablet=\"4vw\" font_size_phone=\"8vw\"][\/split_line_heading][\/vc_column_inner][vc_column_inner left_padding_desktop=\"30%\" left_padding_tablet=\"0&#8243; right_padding_tablet=\"30%\" right_padding_phone=\"0&#8243; bottom_margin=\"20&#8243; column_element_direction_desktop=\"default\" column_element_spacing=\"default\" desktop_text_alignment=\"default\" tablet_text_alignment=\"default\" phone_text_alignment=\"default\" background_color_opacity=\"1&#8243; background_hover_color_opacity=\"1&#8243; column_backdrop_filter=\"none\" column_shadow=\"none\" column_border_radius=\"none\" column_link_target=\"_self\" overflow=\"visible\" gradient_direction=\"left_to_right\" overlay_strength=\"0.3&#8243; width=\"1\/3&#8243; tablet_width_inherit=\"default\" animation_type=\"default\" enable_animation=\"true\" animation=\"fade-in\" animation_easing=\"default\" bg_image_animation=\"none\" border_type=\"simple\" column_border_width=\"none\" column_border_style=\"solid\" column_padding_type=\"advanced\" gradient_type=\"default\" delay=\"300&#8243; offset=\"vc_col-xs-9&#8243;][nectar_responsive_text inherited_font_style=\"default\" font_size_min=\"16px\" font_size_max=\"22px\" font_size_desktop=\"1.3vw\" font_line_height=\"1.6&#8243; text_direction=\"default\" max_width=\"375px\"]Wir suchen per sofort oder nach Vereinbarung einen Metallbauzeichner \/ Metallbaukonstrukteur (m\/w)[\/nectar_responsive_text][\/vc_column_inner][vc_column_inner column_padding=\"no-extra-padding\" column_padding_tablet=\"inherit\" column_padding_phone=\"inherit\" column_padding_position=\"all\" column_element_direction_desktop=\"default\" column_element_spacing=\"default\" desktop_text_alignment=\"right\" tablet_text_alignment=\"default\" phone_text_alignment=\"default\" background_color_opacity=\"1&#8243; background_hover_color_opacity=\"1&#8243; column_backdrop_filter=\"none\" column_shadow=\"none\" column_border_radius=\"none\" column_link_target=\"_self\" overflow=\"visible\" gradient_direction=\"left_to_right\" overlay_strength=\"0.3&#8243; width=\"1\/6&#8243; tablet_width_inherit=\"default\" animation_type=\"default\" enable_animation=\"true\" animation=\"fade-in\" animation_easing=\"default\" bg_image_animation=\"none\" border_type=\"simple\" column_border_width=\"none\" column_border_style=\"solid\" column_padding_type=\"default\" gradient_type=\"default\" delay=\"500&#8243; offset=\"vc_col-xs-3&#8243;][nectar_cta btn_style=\"next-section\" btn_type=\"minimal-arrow\" alignment=\"right\" alignment_tablet=\"right\" alignment_phone=\"default\" display_tablet=\"inherit\" display_phone=\"inherit\"][\/vc_column_inner][\/vc_row_inner][\/vc_column][\/vc_row][vc_row type=\"in_container\" full_screen_row_position=\"middle\" column_margin=\"default\" column_direction=\"default\" column_direction_tablet=\"default\" column_direction_phone=\"default\" scene_position=\"center\" text_color=\"dark\" text_align=\"left\" row_border_radius=\"none\" row_border_radius_applies=\"bg\" overflow=\"visible\" overlay_strength=\"0.3&#8243; gradient_direction=\"left_to_right\" shape_divider_position=\"bottom\" bg_image_animation=\"none\"][vc_column column_padding=\"no-extra-padding\" column_padding_tablet=\"inherit\" column_padding_phone=\"inherit\" column_padding_position=\"all\" column_element_direction_desktop=\"default\" column_element_spacing=\"default\" desktop_text_alignment=\"default\" tablet_text_alignment=\"default\" phone_text_alignment=\"default\" background_color_opacity=\"1&#8243; background_hover_color_opacity=\"1&#8243; column_backdrop_filter=\"none\" column_shadow=\"none\" column_border_radius=\"none\" column_link_target=\"_self\" column_position=\"default\" gradient_direction=\"left_to_right\" overlay_strength=\"0.3&#8243; width=\"1\/1&#8243; tablet_width_inherit=\"default\" animation_type=\"default\" bg_image_animation=\"none\" border_type=\"simple\" column_border_width=\"none\" column_border_style=\"solid\"][nectar_global_section id=\"11442&#8243;][\/vc_column][\/vc_row][vc_row type=\"full_width_background\" full_screen_row_position=\"middle\" column_margin=\"default\" column_direction=\"default\" column_direction_tablet=\"default\" column_direction_phone=\"default\" bg_color=\"#DFDFDF\" scene_position=\"center\" top_padding=\"6%\" constrain_group_1=\"yes\" bottom_padding=\"6%\" text_color=\"dark\" text_align=\"left\" row_border_radius=\"none\" row_border_radius_applies=\"bg\" overflow=\"visible\" overlay_strength=\"0.3&#8243; gradient_direction=\"left_to_right\" shape_divider_position=\"bottom\" bg_image_animation=\"none\" gradient_type=\"default\" shape_type=\"\"][vc_column column_padding=\"no-extra-padding\" column_padding_tablet=\"inherit\" column_padding_phone=\"inherit\" column_padding_position=\"all\" column_element_direction_desktop=\"default\" column_element_spacing=\"default\" desktop_text_alignment=\"default\" tablet_text_alignment=\"default\" phone_text_alignment=\"default\" background_color_opacity=\"1&#8243; background_hover_color_opacity=\"1&#8243; column_backdrop_filter=\"none\" column_shadow=\"none\" column_border_radius=\"none\" column_link_target=\"_self\" column_position=\"default\" gradient_direction=\"left_to_right\" overlay_strength=\"0.3&#8243; width=\"1\/1&#8243; tablet_width_inherit=\"default\" animation_type=\"default\" bg_image_animation=\"none\" border_type=\"simple\" column_border_width=\"none\" column_border_style=\"solid\"][vc_row_inner column_margin=\"default\" column_direction=\"default\" column_direction_tablet=\"default\" column_direction_phone=\"default\" text_align=\"left\" row_position=\"default\" row_position_tablet=\"inherit\" row_position_phone=\"inherit\" overflow=\"visible\" pointer_events=\"all\"][vc_column_inner column_padding=\"no-extra-padding\" column_padding_tablet=\"inherit\" column_padding_phone=\"inherit\" column_padding_position=\"all\" column_element_direction_desktop=\"default\" column_element_spacing=\"default\" desktop_text_alignment=\"default\" tablet_text_alignment=\"default\" phone_text_alignment=\"default\" background_color_opacity=\"1&#8243; background_hover_color_opacity=\"1&#8243; column_backdrop_filter=\"none\" column_shadow=\"none\" column_border_radius=\"none\" column_link_target=\"_self\" overflow=\"visible\" gradient_direction=\"left_to_right\" overlay_strength=\"0.3&#8243; width=\"1\/3&#8243; tablet_width_inherit=\"default\" animation_type=\"default\" bg_image_animation=\"none\" border_type=\"simple\" column_border_width=\"none\" column_border_style=\"solid\"][vc_column_text css=\"\" text_direction=\"default\"]\n<h6>Anforderungen<\/h6>\n[\/vc_column_text][nectar_responsive_text inherited_font_style=\"default\" font_size_desktop=\"1em\" font_line_height=\"1.6&#8243; text_direction=\"default\" font_size_tablet=\"1em\"]\n<ul>\n<li>Erstellen von technischen Zeichnungen und Pl\u00e4nen f\u00fcr unsere versenkbaren Fensterfronten und Hubfenster<\/li>\n<li>Erstellen von St\u00fccklisten und Arbeitspl\u00e4nen<\/li>\n<li>Koordination der Materialbeschaffung<\/li>\n<li>Erstellen von s\u00e4mtlichen Produktionspapieren<\/li>\n<li>Qualit\u00e4ts- und Kostenkontrolle laufender Projekte<\/li>\n<li>Einholen von Lieferantenofferten<\/li>\n<li>Kundenberatung am Telefon<\/li>\n<li>Bauabnahmen<\/li>\n<\/ul>\n[\/nectar_responsive_text][\/vc_column_inner][vc_column_inner column_padding=\"no-extra-padding\" column_padding_tablet=\"inherit\" column_padding_phone=\"inherit\" column_padding_position=\"all\" column_element_direction_desktop=\"default\" column_element_spacing=\"default\" desktop_text_alignment=\"default\" tablet_text_alignment=\"default\" phone_text_alignment=\"default\" background_color_opacity=\"1&#8243; background_hover_color_opacity=\"1&#8243; column_backdrop_filter=\"none\" column_shadow=\"none\" column_border_radius=\"none\" column_link_target=\"_self\" overflow=\"visible\" gradient_direction=\"left_to_right\" overlay_strength=\"0.3&#8243; width=\"1\/3&#8243; tablet_width_inherit=\"default\" animation_type=\"default\" bg_image_animation=\"none\" border_type=\"simple\" column_border_width=\"none\" column_border_style=\"solid\"][vc_column_text css=\"\" text_direction=\"default\"]\n<h6>Qualifikationen<\/h6>\n[\/vc_column_text][nectar_responsive_text inherited_font_style=\"default\" font_size_desktop=\"1em\" font_line_height=\"1.6&#8243; text_direction=\"default\" font_size_tablet=\"1em\"]\n<ul>\n<li>Abschluss als Metallbauzeichner \/ Metallbaukonstrukteur EFZ<\/li>\n<li>Erfahrung im Metall-, Fenster- und Fassadenbau<\/li>\n<li>Vertiefte Kenntnisse mit CAD-Software, idealerweise AutoCAD<\/li>\n<li>Sorgf\u00e4ltiges und pr\u00e4zises Arbeiten mit einem Auge f\u00fcr Details<\/li>\n<li>Teamf\u00e4higkeit und Kommunikationsst\u00e4rke<\/li>\n<li>Schnelle Auffassungsgabe und Zielstrebigkeit<\/li>\n<li>Sehr gute Deutschkenntnisse<\/li>\n<\/ul>\n[\/nectar_responsive_text][\/vc_column_inner][vc_column_inner column_padding=\"no-extra-padding\" column_padding_tablet=\"inherit\" column_padding_phone=\"inherit\" column_padding_position=\"all\" column_element_direction_desktop=\"default\" column_element_spacing=\"default\" desktop_text_alignment=\"default\" tablet_text_alignment=\"default\" phone_text_alignment=\"default\" background_color_opacity=\"1&#8243; background_hover_color_opacity=\"1&#8243; column_backdrop_filter=\"none\" column_shadow=\"none\" column_border_radius=\"none\" column_link_target=\"_self\" overflow=\"visible\" gradient_direction=\"left_to_right\" overlay_strength=\"0.3&#8243; width=\"1\/3&#8243; tablet_width_inherit=\"default\" animation_type=\"default\" bg_image_animation=\"none\" border_type=\"simple\" column_border_width=\"none\" column_border_style=\"solid\"][vc_column_text css=\"\" text_direction=\"default\"]\n<h6>Vorteile<\/h6>\n[\/vc_column_text][nectar_responsive_text inherited_font_style=\"default\" font_size_desktop=\"1em\" font_line_height=\"1.6&#8243; text_direction=\"default\" font_size_tablet=\"1em\"]\n<ul>\n<li>Zeitgem\u00e4sse Arbeitsbedingungen<\/li>\n<li>Flache Hierarchien in einem kleinen, eingespielten Team<\/li>\n<li>Arbeiten in einem innovativen und dynamischen Umfeld<\/li>\n<li>Arbeit mit internationalen Kunden<\/li>\n<\/ul>\n[\/nectar_responsive_text][\/vc_column_inner][\/vc_row_inner][\/vc_column][\/vc_row][vc_row type=\"full_width_background\" full_screen_row_position=\"middle\" column_margin=\"default\" column_direction=\"default\" column_direction_tablet=\"default\" column_direction_phone=\"default\" bg_color=\"#FFFFFF\" scene_position=\"center\" top_padding=\"6%\" constrain_group_1=\"yes\" bottom_padding=\"6%\" text_color=\"dark\" text_align=\"left\" row_border_radius=\"none\" row_border_radius_applies=\"bg\" overflow=\"visible\" overlay_strength=\"0.3&#8243; gradient_direction=\"left_to_right\" shape_divider_position=\"bottom\" bg_image_animation=\"none\" gradient_type=\"default\" shape_type=\"\"][vc_column column_padding=\"no-extra-padding\" column_padding_tablet=\"inherit\" column_padding_phone=\"inherit\" column_padding_position=\"all\" column_element_direction_desktop=\"default\" column_element_spacing=\"default\" desktop_text_alignment=\"default\" tablet_text_alignment=\"default\" phone_text_alignment=\"default\" background_color_opacity=\"1&#8243; background_hover_color_opacity=\"1&#8243; column_backdrop_filter=\"none\" column_shadow=\"none\" column_border_radius=\"none\" column_link_target=\"_self\" column_position=\"default\" gradient_direction=\"left_to_right\" overlay_strength=\"0.3&#8243; width=\"1\/1&#8243; tablet_width_inherit=\"default\" animation_type=\"default\" bg_image_animation=\"none\" border_type=\"simple\" column_border_width=\"none\" column_border_style=\"solid\"][nectar_btn size=\"jumbo\" open_new_tab=\"true\" button_style=\"regular\" button_color_2=\"Accent-Color\" solid_text_color_override=\"#ffffff\" icon_family=\"fontawesome\" text=\"Interesse? Schreib uns direkt auf WhatsApp.\" url=\"https:\/\/wa.me\/41448176060&#8243; icon_fontawesome=\"fa fa-whatsapp\"][\/vc_column][\/vc_row][vc_row type=\"full_width_background\" full_screen_row_position=\"middle\" column_margin=\"default\" column_direction=\"default\" column_direction_tablet=\"default\" column_direction_phone=\"default\" bg_color=\"#424242&#8243; scene_position=\"center\" top_padding=\"60&#8243; bottom_padding=\"60&#8243; text_color=\"light\" text_align=\"left\" row_border_radius=\"none\" row_border_radius_applies=\"bg\" overflow=\"visible\" overlay_strength=\"0.3&#8243; gradient_direction=\"left_to_right\" enable_shape_divider=\"true\" shape_divider_color=\"#DFDFDF\" shape_divider_position=\"bottom\" shape_divider_height=\"2&#8243; bg_image_animation=\"none\" shape_type=\"straight_section\" gradient_type=\"default\"][vc_column column_padding=\"no-extra-padding\" column_padding_tablet=\"inherit\" column_padding_phone=\"inherit\" column_padding_position=\"all\" column_element_direction_desktop=\"default\" column_element_spacing=\"default\" desktop_text_alignment=\"default\" tablet_text_alignment=\"default\" phone_text_alignment=\"default\" background_color_opacity=\"1&#8243; background_hover_color_opacity=\"1&#8243; column_backdrop_filter=\"none\" column_shadow=\"none\" column_border_radius=\"none\" column_link_target=\"_self\" column_position=\"default\" gradient_direction=\"left_to_right\" overlay_strength=\"0.3&#8243; width=\"1\/1&#8243; tablet_width_inherit=\"default\" animation_type=\"default\" bg_image_animation=\"none\" border_type=\"simple\" column_border_width=\"none\" column_border_style=\"solid\"][vc_row_inner column_margin=\"default\" column_direction=\"default\" column_direction_tablet=\"default\" column_direction_phone=\"default\" text_align=\"left\" row_position=\"default\" row_position_tablet=\"inherit\" row_position_phone=\"inherit\" overflow=\"visible\" pointer_events=\"all\"][vc_column_inner column_padding=\"no-extra-padding\" column_padding_tablet=\"inherit\" column_padding_phone=\"inherit\" column_padding_position=\"all\" column_element_direction_desktop=\"default\" column_element_spacing=\"default\" desktop_text_alignment=\"default\" tablet_text_alignment=\"default\" phone_text_alignment=\"default\" background_color_opacity=\"1&#8243; background_hover_color_opacity=\"1&#8243; column_backdrop_filter=\"none\" column_shadow=\"none\" column_border_radius=\"none\" column_link_target=\"_self\" overflow=\"visible\" el_class=\"bigh2&#8243; gradient_direction=\"left_to_right\" overlay_strength=\"0.3&#8243; width=\"1\/1&#8243; tablet_width_inherit=\"default\" animation_type=\"default\" bg_image_animation=\"none\" border_type=\"simple\" column_border_width=\"none\" column_border_style=\"solid\"][vc_column_text css=\"\" text_direction=\"default\"]\n<h2>Initiativbewerbung<\/h2>\n[\/vc_column_text][vc_column_text css=\"\" max_width=\"750&#8243; text_direction=\"default\"]\n<h3>Du findest aktuell keine passende Stelle?<\/h3>\n[\/vc_column_text][\/vc_column_inner][\/vc_row_inner][vc_row_inner column_margin=\"default\" column_direction=\"default\" column_direction_tablet=\"default\" column_direction_phone=\"default\" text_align=\"left\" row_position=\"default\" row_position_tablet=\"inherit\" row_position_phone=\"inherit\" overflow=\"visible\" pointer_events=\"all\"][vc_column_inner column_padding=\"no-extra-padding\" column_padding_tablet=\"inherit\" column_padding_phone=\"inherit\" column_padding_position=\"all\" column_element_direction_desktop=\"default\" column_element_spacing=\"default\" desktop_text_alignment=\"default\" tablet_text_alignment=\"default\" phone_text_alignment=\"default\" background_color_opacity=\"1&#8243; background_hover_color_opacity=\"1&#8243; column_backdrop_filter=\"none\" column_shadow=\"none\" column_border_radius=\"none\" column_link_target=\"_self\" overflow=\"visible\" el_class=\"bigh2&#8243; gradient_direction=\"left_to_right\" overlay_strength=\"0.3&#8243; width=\"1\/1&#8243; tablet_width_inherit=\"default\" animation_type=\"default\" bg_image_animation=\"none\" border_type=\"simple\" column_border_width=\"none\" column_border_style=\"solid\"][vc_column_text css=\"\" max_width=\"750&#8243; text_direction=\"default\"]Wir freuen uns \u00fcber Initiativbewerbungen von engagierten Talenten \u2013 sowohl im gewerblichen als auch im kaufm\u00e4nnischen Bereich.[\/vc_column_text][\/vc_column_inner][\/vc_row_inner][vc_row_inner column_margin=\"none\" column_direction=\"default\" column_direction_tablet=\"default\" column_direction_phone=\"default\" text_align=\"left\" row_position=\"default\" row_position_tablet=\"inherit\" row_position_phone=\"inherit\" overflow=\"visible\" pointer_events=\"all\"][vc_column_inner column_padding=\"no-extra-padding\" column_padding_tablet=\"inherit\" column_padding_phone=\"inherit\" column_padding_position=\"all\" top_margin_tablet=\"15&#8243; column_element_direction_desktop=\"default\" column_element_spacing=\"default\" desktop_text_alignment=\"default\" tablet_text_alignment=\"default\" phone_text_alignment=\"default\" background_color_opacity=\"1&#8243; background_hover_color_opacity=\"1&#8243; column_backdrop_filter=\"none\" column_shadow=\"none\" column_border_radius=\"none\" column_link_target=\"_self\" overflow=\"visible\" el_class=\"producttext\" gradient_direction=\"left_to_right\" overlay_strength=\"0.3&#8243; width=\"1\/1&#8243; tablet_width_inherit=\"default\" animation_type=\"default\" bg_image_animation=\"none\" border_type=\"simple\" column_border_width=\"none\" column_border_style=\"solid\"][nectar_btn size=\"jumbo\" button_style=\"regular\" button_color_2=\"Accent-Color\" solid_text_color_override=\"#ffffff\" icon_family=\"none\" text=\"Kontaktiere uns\" url=\"mailto:info@hirt.swiss\"][\/vc_column_inner][\/vc_row_inner][\/vc_column][\/vc_row]\n","protected":false},"excerpt":{"rendered":"<p>[vc_row type=\"full_width_background\" full_screen_row_position=\"middle\" column_margin=\"default\" column_direction=\"default\" column_direction_tablet=\"default\" column_direction_phone=\"default\" bg_color=\"#262626&#8243; full_height=\"yes\" columns_placement=\"bottom\" video_bg=\"use_video\" video_mp4=\"https:\/\/hirtkinetics.com\/wp-content\/uploads\/2025\/07\/Zeichner_Loop_HG.mp4&#8243; background_video_loading=\"default\" scene_position=\"center\" text_color=\"light\" text_align=\"left\" row_border_radius=\"none\" row_border_radius_applies=\"bg\" overflow=\"visible\" advanced_gradient=\"linear-gradient(0deg, rgb(0,0,0) 0%, rgba(0,0,0,252) 0%, rgba(0,0,0,0) 43%)\" shape_divider_position=\"bottom\" bg_image_animation=\"zoom-out\" mobile_disable_bg_image_animation=\"true\" parallax_bg=\"true\"&#8230;<\/p>\n","protected":false},"author":1,"featured_media":0,"parent":0,"menu_order":0,"comment_status":"closed","ping_status":"closed","template":"","meta":{"inline_featured_image":false,"footnotes":""},"class_list":["post-11417","page","type-page","status-publish"],"_links":{"self":[{"href":"https:\/\/hirtkinetics.com\/de\/wp-json\/wp\/v2\/pages\/11417","targetHints":{"allow":["GET"]}}],"collection":[{"href":"https:\/\/hirtkinetics.com\/de\/wp-json\/wp\/v2\/pages"}],"about":[{"href":"https:\/\/hirtkinetics.com\/de\/wp-json\/wp\/v2\/types\/page"}],"author":[{"embeddable":true,"href":"https:\/\/hirtkinetics.com\/de\/wp-json\/wp\/v2\/users\/1"}],"replies":[{"embeddable":true,"href":"https:\/\/hirtkinetics.com\/de\/wp-json\/wp\/v2\/comments?post=11417"}],"version-history":[{"count":0,"href":"https:\/\/hirtkinetics.com\/de\/wp-json\/wp\/v2\/pages\/11417\/revisions"}],"wp:attachment":[{"href":"https:\/\/hirtkinetics.com\/de\/wp-json\/wp\/v2\/media?parent=11417"}],"curies":[{"name":"wp","href":"https:\/\/api.w.org\/{rel}","templated":true}]}}