{"id":10945,"date":"2025-07-09T17:29:48","date_gmt":"2025-07-09T15:29:48","guid":{"rendered":"https:\/\/hirtkinetics.com\/?page_id=10945"},"modified":"2025-10-14T20:08:58","modified_gmt":"2025-10-14T18:08:58","slug":"metallbauer","status":"publish","type":"page","link":"https:\/\/hirtkinetics.com\/de\/metallbauer\/","title":{"rendered":"Lehrstelle Metallbauer\/in EFZ"},"content":{"rendered":"[vc_row type=\"full_width_background\" full_screen_row_position=\"middle\" column_margin=\"default\" column_direction=\"default\" column_direction_tablet=\"default\" column_direction_phone=\"default\" bg_color=\"#262626&#8243; full_height=\"yes\" columns_placement=\"bottom\" video_bg=\"use_video\" video_mp4=\"https:\/\/hirtkinetics.com\/wp-content\/uploads\/2025\/07\/Metallbauer_Loop_HG.mp4&#8243; background_video_loading=\"default\" scene_position=\"center\" text_color=\"light\" text_align=\"left\" row_border_radius=\"none\" row_border_radius_applies=\"bg\" overflow=\"visible\" advanced_gradient=\"linear-gradient(0deg, rgb(0,0,0) 0%, rgba(0,0,0,252) 0%, rgba(0,0,0,0) 43%)\" shape_divider_position=\"bottom\" bg_image_animation=\"zoom-out\" mobile_disable_bg_image_animation=\"true\" parallax_bg=\"true\" parallax_bg_speed=\"medium_fast\" gradient_type=\"advanced\" shape_type=\"\" advanced_gradient_display_type=\"linear\"][vc_column bottom_padding_desktop=\"40px\" column_element_direction_desktop=\"default\" column_element_spacing=\"default\" desktop_text_alignment=\"default\" tablet_text_alignment=\"default\" phone_text_alignment=\"default\" background_color_opacity=\"1&#8243; background_hover_color_opacity=\"1&#8243; column_backdrop_filter=\"none\" column_shadow=\"none\" column_border_radius=\"none\" column_link_target=\"_self\" column_position=\"default\" gradient_direction=\"left_to_right\" overlay_strength=\"0.3&#8243; width=\"1\/1&#8243; tablet_width_inherit=\"default\" animation_type=\"default\" bg_image_animation=\"none\" border_type=\"simple\" column_border_width=\"none\" column_border_style=\"solid\" column_padding_type=\"advanced\" gradient_type=\"default\"][vc_row_inner equal_height=\"yes\" content_placement=\"bottom\" column_margin=\"10px\" column_direction=\"default\" column_direction_tablet=\"default\" column_direction_phone=\"default\" text_align=\"left\" row_position=\"default\" row_position_tablet=\"inherit\" row_position_phone=\"inherit\" overflow=\"visible\" pointer_events=\"all\"][vc_column_inner right_padding_desktop=\"15%\" right_padding_tablet=\"50%\" right_padding_phone=\"15%\" bottom_margin=\"60&#8243; column_element_direction_desktop=\"default\" column_element_spacing=\"default\" desktop_text_alignment=\"default\" tablet_text_alignment=\"default\" phone_text_alignment=\"default\" background_color_opacity=\"1&#8243; background_hover_color_opacity=\"1&#8243; column_backdrop_filter=\"none\" column_shadow=\"none\" column_border_radius=\"none\" column_link_target=\"_self\" overflow=\"visible\" gradient_direction=\"left_to_right\" overlay_strength=\"0.3&#8243; width=\"1\/2&#8243; tablet_width_inherit=\"default\" animation_type=\"default\" bg_image_animation=\"none\" border_type=\"simple\" column_border_width=\"none\" column_border_style=\"solid\" column_padding_type=\"advanced\" gradient_type=\"default\"][split_line_heading animation_type=\"line-reveal-by-space\" font_style=\"h1&#8243; font_size_max=\"98px\" line_reveal_by_space_text_effect=\"letter-reveal-bottom\" stagger_animation=\"true\" content_alignment=\"default\" mobile_content_alignment=\"inherit\" link_target=\"_self\" text_content=\"Metallbauer EFZ\" text_direction=\"default\" font_size=\"5vw\" font_line_height=\"1&#8243; font_size_tablet=\"4vw\" font_size_phone=\"12vw\"][\/split_line_heading][\/vc_column_inner][vc_column_inner column_padding=\"no-extra-padding\" column_padding_tablet=\"inherit\" column_padding_phone=\"inherit\" column_padding_position=\"all\" column_element_direction_desktop=\"default\" column_element_spacing=\"default\" desktop_text_alignment=\"default\" tablet_text_alignment=\"default\" phone_text_alignment=\"default\" background_color_opacity=\"1&#8243; background_hover_color_opacity=\"1&#8243; column_backdrop_filter=\"none\" column_shadow=\"none\" column_border_radius=\"none\" column_link_target=\"_self\" overflow=\"visible\" gradient_direction=\"left_to_right\" overlay_strength=\"0.3&#8243; width=\"1\/2&#8243; tablet_width_inherit=\"default\" animation_type=\"default\" bg_image_animation=\"none\" border_type=\"simple\" column_border_width=\"none\" column_border_style=\"solid\"][\/vc_column_inner][\/vc_row_inner][vc_row_inner equal_height=\"yes\" content_placement=\"bottom\" column_margin=\"10px\" column_direction=\"default\" column_direction_tablet=\"default\" column_direction_phone=\"default\" text_align=\"left\" row_position=\"default\" row_position_tablet=\"inherit\" row_position_phone=\"inherit\" overflow=\"visible\" pointer_events=\"all\"][vc_column_inner right_padding_desktop=\"15%\" right_padding_tablet=\"50%\" right_padding_phone=\"15%\" column_element_direction_desktop=\"default\" column_element_spacing=\"default\" desktop_text_alignment=\"default\" tablet_text_alignment=\"default\" phone_text_alignment=\"default\" background_color_opacity=\"1&#8243; background_hover_color_opacity=\"1&#8243; column_backdrop_filter=\"none\" column_shadow=\"none\" column_border_radius=\"none\" column_link_target=\"_self\" overflow=\"visible\" gradient_direction=\"left_to_right\" overlay_strength=\"0.3&#8243; width=\"1\/2&#8243; tablet_width_inherit=\"default\" animation_type=\"default\" bg_image_animation=\"none\" border_type=\"simple\" column_border_width=\"none\" column_border_style=\"solid\" column_padding_type=\"advanced\" gradient_type=\"default\"][split_line_heading animation_type=\"line-reveal-by-space\" font_style=\"h2&#8243; font_size_max=\"108px\" line_reveal_by_space_text_effect=\"letter-reveal-bottom\" stagger_animation=\"true\" content_alignment=\"default\" mobile_content_alignment=\"inherit\" link_target=\"_self\" text_content=\"Lehrstelle ab 2026 in Mollis\" text_direction=\"default\" font_size=\"3vw\" font_line_height=\"1&#8243; font_size_tablet=\"4vw\" font_size_phone=\"8vw\"][\/split_line_heading][\/vc_column_inner][vc_column_inner left_padding_desktop=\"30%\" left_padding_tablet=\"0&#8243; right_padding_tablet=\"30%\" right_padding_phone=\"0&#8243; bottom_margin=\"20&#8243; column_element_direction_desktop=\"default\" column_element_spacing=\"default\" desktop_text_alignment=\"default\" tablet_text_alignment=\"default\" phone_text_alignment=\"default\" background_color_opacity=\"1&#8243; background_hover_color_opacity=\"1&#8243; column_backdrop_filter=\"none\" column_shadow=\"none\" column_border_radius=\"none\" column_link_target=\"_self\" overflow=\"visible\" gradient_direction=\"left_to_right\" overlay_strength=\"0.3&#8243; width=\"1\/3&#8243; tablet_width_inherit=\"default\" animation_type=\"default\" enable_animation=\"true\" animation=\"fade-in\" animation_easing=\"default\" bg_image_animation=\"none\" border_type=\"simple\" column_border_width=\"none\" column_border_style=\"solid\" column_padding_type=\"advanced\" gradient_type=\"default\" delay=\"300&#8243; offset=\"vc_col-xs-9&#8243;][nectar_responsive_text inherited_font_style=\"default\" font_size_min=\"16px\" font_size_max=\"22px\" font_size_desktop=\"1.3vw\" font_line_height=\"1.6&#8243; text_direction=\"default\" max_width=\"375px\"]Wir bieten eine Lehrstelle als Metallbauer\/in EFZ und suchen motivierte, lernbereite und zuverl\u00e4ssige Nachwuchstalente, die unser Team verst\u00e4rken m\u00f6chten.[\/nectar_responsive_text][\/vc_column_inner][vc_column_inner column_padding=\"no-extra-padding\" column_padding_tablet=\"inherit\" column_padding_phone=\"inherit\" column_padding_position=\"all\" column_element_direction_desktop=\"default\" column_element_spacing=\"default\" desktop_text_alignment=\"right\" tablet_text_alignment=\"default\" phone_text_alignment=\"default\" background_color_opacity=\"1&#8243; background_hover_color_opacity=\"1&#8243; column_backdrop_filter=\"none\" column_shadow=\"none\" column_border_radius=\"none\" column_link_target=\"_self\" overflow=\"visible\" gradient_direction=\"left_to_right\" overlay_strength=\"0.3&#8243; width=\"1\/6&#8243; tablet_width_inherit=\"default\" animation_type=\"default\" enable_animation=\"true\" animation=\"fade-in\" animation_easing=\"default\" bg_image_animation=\"none\" border_type=\"simple\" column_border_width=\"none\" column_border_style=\"solid\" column_padding_type=\"default\" gradient_type=\"default\" delay=\"500&#8243; offset=\"vc_col-xs-3&#8243;][nectar_cta btn_style=\"next-section\" btn_type=\"minimal-arrow\" alignment=\"right\" alignment_tablet=\"right\" alignment_phone=\"default\" display_tablet=\"inherit\" display_phone=\"inherit\"][\/vc_column_inner][\/vc_row_inner][\/vc_column][\/vc_row][vc_row type=\"in_container\" full_screen_row_position=\"middle\" column_margin=\"default\" column_direction=\"default\" column_direction_tablet=\"default\" column_direction_phone=\"default\" scene_position=\"center\" text_color=\"dark\" text_align=\"left\" row_border_radius=\"none\" row_border_radius_applies=\"bg\" overflow=\"visible\" overlay_strength=\"0.3&#8243; gradient_direction=\"left_to_right\" shape_divider_position=\"bottom\" bg_image_animation=\"none\"][vc_column column_padding=\"no-extra-padding\" column_padding_tablet=\"inherit\" column_padding_phone=\"inherit\" column_padding_position=\"all\" column_element_direction_desktop=\"default\" column_element_spacing=\"default\" desktop_text_alignment=\"default\" tablet_text_alignment=\"default\" phone_text_alignment=\"default\" background_color_opacity=\"1&#8243; background_hover_color_opacity=\"1&#8243; column_backdrop_filter=\"none\" column_shadow=\"none\" column_border_radius=\"none\" column_link_target=\"_self\" column_position=\"default\" gradient_direction=\"left_to_right\" overlay_strength=\"0.3&#8243; width=\"1\/1&#8243; tablet_width_inherit=\"default\" animation_type=\"default\" bg_image_animation=\"none\" border_type=\"simple\" column_border_width=\"none\" column_border_style=\"solid\"][nectar_global_section id=\"11442&#8243;][\/vc_column][\/vc_row][vc_row type=\"full_width_background\" full_screen_row_position=\"middle\" column_margin=\"default\" column_direction=\"default\" column_direction_tablet=\"default\" column_direction_phone=\"default\" bg_color=\"#DFDFDF\" scene_position=\"center\" top_padding=\"6%\" constrain_group_1=\"yes\" bottom_padding=\"6%\" text_color=\"dark\" text_align=\"left\" row_border_radius=\"none\" row_border_radius_applies=\"bg\" overflow=\"visible\" overlay_strength=\"0.3&#8243; gradient_direction=\"left_to_right\" shape_divider_position=\"bottom\" bg_image_animation=\"none\" gradient_type=\"default\" shape_type=\"\"][vc_column column_padding=\"no-extra-padding\" column_padding_tablet=\"inherit\" column_padding_phone=\"inherit\" column_padding_position=\"all\" column_element_direction_desktop=\"default\" column_element_spacing=\"default\" desktop_text_alignment=\"default\" tablet_text_alignment=\"default\" phone_text_alignment=\"default\" background_color_opacity=\"1&#8243; background_hover_color_opacity=\"1&#8243; column_backdrop_filter=\"none\" column_shadow=\"none\" column_border_radius=\"none\" column_link_target=\"_self\" column_position=\"default\" gradient_direction=\"left_to_right\" overlay_strength=\"0.3&#8243; width=\"1\/1&#8243; tablet_width_inherit=\"default\" animation_type=\"default\" bg_image_animation=\"none\" border_type=\"simple\" column_border_width=\"none\" column_border_style=\"solid\"][vc_row_inner column_margin=\"60px\" column_direction=\"default\" column_direction_tablet=\"default\" column_direction_phone=\"default\" text_align=\"left\" row_position=\"default\" row_position_tablet=\"inherit\" row_position_phone=\"inherit\" overflow=\"visible\" pointer_events=\"all\"][vc_column_inner column_padding=\"no-extra-padding\" column_padding_tablet=\"inherit\" column_padding_phone=\"inherit\" column_padding_position=\"all\" column_element_direction_desktop=\"default\" column_element_spacing=\"0px\" desktop_text_alignment=\"default\" tablet_text_alignment=\"default\" phone_text_alignment=\"default\" background_color_opacity=\"1&#8243; background_hover_color_opacity=\"1&#8243; column_backdrop_filter=\"none\" column_shadow=\"none\" column_border_radius=\"none\" column_link_target=\"_self\" overflow=\"visible\" gradient_direction=\"left_to_right\" overlay_strength=\"0.3&#8243; width=\"1\/3&#8243; tablet_width_inherit=\"default\" animation_type=\"default\" bg_image_animation=\"none\" border_type=\"simple\" column_border_width=\"none\" column_border_style=\"solid\" column_padding_type=\"default\" gradient_type=\"default\"][nectar_video_player_self_hosted video_mp4=\"https:\/\/hirtkinetics.com\/wp-content\/uploads\/2025\/07\/Metallbau-Lehrling-A.mp4&#8243; el_aspect=\"916&#8243; el_aspect_tablet=\"916&#8243; el_aspect_phone=\"916&#8243; player_functionality=\"lightbox\" play_button_style=\"default\" play_button_color=\"#CBC2B3&#8243; play_button_icon_color=\"#000000&#8243; border_radius=\"none\" box_shadow=\"none\" video_lightbox_url=\"https:\/\/hirtkinetics.com\/wp-content\/uploads\/2025\/07\/Metallbau-Lehrling-A.mp4&#8243; advanced_gradient_display_type=\"linear\"][\/vc_column_inner][vc_column_inner right_padding_desktop=\"15%\" right_padding_tablet=\"0&#8243; column_element_direction_desktop=\"default\" column_element_spacing=\"30px\" desktop_text_alignment=\"default\" tablet_text_alignment=\"default\" phone_text_alignment=\"default\" background_color_opacity=\"1&#8243; background_hover_color_opacity=\"1&#8243; column_backdrop_filter=\"none\" column_shadow=\"none\" column_border_radius=\"none\" column_link_target=\"_self\" overflow=\"visible\" gradient_direction=\"left_to_right\" overlay_strength=\"0.3&#8243; width=\"2\/3&#8243; tablet_width_inherit=\"default\" animation_type=\"default\" bg_image_animation=\"none\" border_type=\"simple\" column_border_width=\"none\" column_border_style=\"solid\" column_padding_type=\"advanced\" gradient_type=\"default\"][vc_column_text css=\"\" text_direction=\"default\"]\n<h6>Anforderungen<\/h6>\n[\/vc_column_text][nectar_responsive_text inherited_font_style=\"default\" font_size_desktop=\"1.5em\" font_line_height=\"1.6&#8243; text_direction=\"default\" font_size_tablet=\"1em\"]\n<ul>\n<li>Freude an der Bearbeitung von Metall<\/li>\n<li>Technisches Verst\u00e4ndnis<\/li>\n<li>Handwerkliches Geschick<\/li>\n<li>Gesunde, kr\u00e4ftige k\u00f6rperliche Verfassung<\/li>\n<li>Beweglichkeit<\/li>\n<li>Keine Allergien gegen Metalle<\/li>\n<li>Wetterfestigkeit<\/li>\n<li>Teamf\u00e4higkeit<\/li>\n<\/ul>\n[\/nectar_responsive_text][nectar_responsive_text inherited_font_style=\"default\" font_size_desktop=\"1.5em\" font_line_height=\"1.6&#8243; text_direction=\"default\" font_size_tablet=\"1em\"]<strong>Bewirb dich jetzt bei Michi Keller zum Schnuppern!<\/strong>[\/nectar_responsive_text][nectar_btn size=\"jumbo\" button_style=\"regular\" button_color_2=\"extra-color-gradient-1&#8243; solid_text_color_override=\"#ffffff\" icon_family=\"none\" text=\"Email an Michi\" url=\"mailto:info@hirt.swiss\"][\/vc_column_inner][\/vc_row_inner][\/vc_column][\/vc_row][vc_row type=\"full_width_background\" full_screen_row_position=\"middle\" column_margin=\"default\" column_direction=\"default\" column_direction_tablet=\"default\" column_direction_phone=\"default\" bg_color=\"#424242&#8243; scene_position=\"center\" top_padding=\"60&#8243; bottom_padding=\"60&#8243; text_color=\"light\" text_align=\"left\" row_border_radius=\"none\" row_border_radius_applies=\"bg\" overflow=\"visible\" overlay_strength=\"0.3&#8243; gradient_direction=\"left_to_right\" enable_shape_divider=\"true\" shape_divider_color=\"#DFDFDF\" shape_divider_position=\"bottom\" shape_divider_height=\"2&#8243; bg_image_animation=\"none\" shape_type=\"straight_section\" gradient_type=\"default\"][vc_column column_padding=\"no-extra-padding\" column_padding_tablet=\"inherit\" column_padding_phone=\"inherit\" column_padding_position=\"all\" column_element_direction_desktop=\"default\" column_element_spacing=\"default\" desktop_text_alignment=\"default\" tablet_text_alignment=\"default\" phone_text_alignment=\"default\" background_color_opacity=\"1&#8243; background_hover_color_opacity=\"1&#8243; column_backdrop_filter=\"none\" column_shadow=\"none\" column_border_radius=\"none\" column_link_target=\"_self\" column_position=\"default\" gradient_direction=\"left_to_right\" overlay_strength=\"0.3&#8243; width=\"1\/1&#8243; tablet_width_inherit=\"default\" animation_type=\"default\" bg_image_animation=\"none\" border_type=\"simple\" column_border_width=\"none\" column_border_style=\"solid\"][vc_row_inner column_margin=\"default\" column_direction=\"default\" column_direction_tablet=\"default\" column_direction_phone=\"default\" text_align=\"left\" row_position=\"default\" row_position_tablet=\"inherit\" row_position_phone=\"inherit\" overflow=\"visible\" pointer_events=\"all\"][vc_column_inner column_padding=\"no-extra-padding\" column_padding_tablet=\"inherit\" column_padding_phone=\"inherit\" column_padding_position=\"all\" column_element_direction_desktop=\"default\" column_element_spacing=\"default\" desktop_text_alignment=\"default\" tablet_text_alignment=\"default\" phone_text_alignment=\"default\" background_color_opacity=\"1&#8243; background_hover_color_opacity=\"1&#8243; column_backdrop_filter=\"none\" column_shadow=\"none\" column_border_radius=\"none\" column_link_target=\"_self\" overflow=\"visible\" el_class=\"bigh2&#8243; gradient_direction=\"left_to_right\" overlay_strength=\"0.3&#8243; width=\"1\/1&#8243; tablet_width_inherit=\"default\" animation_type=\"default\" bg_image_animation=\"none\" border_type=\"simple\" column_border_width=\"none\" column_border_style=\"solid\"][vc_column_text css=\"\" text_direction=\"default\"]\n<h2>Initiativbewerbung<\/h2>\n[\/vc_column_text][vc_column_text css=\"\" max_width=\"750&#8243; text_direction=\"default\"]\n<h3>Du findest aktuell keine passende Stelle?<\/h3>\n[\/vc_column_text][\/vc_column_inner][\/vc_row_inner][vc_row_inner column_margin=\"default\" column_direction=\"default\" column_direction_tablet=\"default\" column_direction_phone=\"default\" text_align=\"left\" row_position=\"default\" row_position_tablet=\"inherit\" row_position_phone=\"inherit\" overflow=\"visible\" pointer_events=\"all\"][vc_column_inner column_padding=\"no-extra-padding\" column_padding_tablet=\"inherit\" column_padding_phone=\"inherit\" column_padding_position=\"all\" column_element_direction_desktop=\"default\" column_element_spacing=\"default\" desktop_text_alignment=\"default\" tablet_text_alignment=\"default\" phone_text_alignment=\"default\" background_color_opacity=\"1&#8243; background_hover_color_opacity=\"1&#8243; column_backdrop_filter=\"none\" column_shadow=\"none\" column_border_radius=\"none\" column_link_target=\"_self\" overflow=\"visible\" el_class=\"bigh2&#8243; gradient_direction=\"left_to_right\" overlay_strength=\"0.3&#8243; width=\"1\/1&#8243; tablet_width_inherit=\"default\" animation_type=\"default\" bg_image_animation=\"none\" border_type=\"simple\" column_border_width=\"none\" column_border_style=\"solid\"][vc_column_text css=\"\" max_width=\"750&#8243; text_direction=\"default\"]Wir freuen uns \u00fcber Initiativbewerbungen von engagierten Talenten \u2013 sowohl im gewerblichen als auch im kaufm\u00e4nnischen Bereich.[\/vc_column_text][\/vc_column_inner][\/vc_row_inner][vc_row_inner column_margin=\"none\" column_direction=\"default\" column_direction_tablet=\"default\" column_direction_phone=\"default\" text_align=\"left\" row_position=\"default\" row_position_tablet=\"inherit\" row_position_phone=\"inherit\" overflow=\"visible\" pointer_events=\"all\"][vc_column_inner column_padding=\"no-extra-padding\" column_padding_tablet=\"inherit\" column_padding_phone=\"inherit\" column_padding_position=\"all\" top_margin_tablet=\"15&#8243; column_element_direction_desktop=\"default\" column_element_spacing=\"default\" desktop_text_alignment=\"default\" tablet_text_alignment=\"default\" phone_text_alignment=\"default\" background_color_opacity=\"1&#8243; background_hover_color_opacity=\"1&#8243; column_backdrop_filter=\"none\" column_shadow=\"none\" column_border_radius=\"none\" column_link_target=\"_self\" overflow=\"visible\" el_class=\"producttext\" gradient_direction=\"left_to_right\" overlay_strength=\"0.3&#8243; width=\"1\/1&#8243; tablet_width_inherit=\"default\" animation_type=\"default\" bg_image_animation=\"none\" border_type=\"simple\" column_border_width=\"none\" column_border_style=\"solid\"][nectar_btn size=\"jumbo\" button_style=\"regular\" button_color_2=\"Accent-Color\" solid_text_color_override=\"#ffffff\" icon_family=\"none\" text=\"Kontaktiere uns\" url=\"mailto:info@hirt.swiss\"][\/vc_column_inner][\/vc_row_inner][\/vc_column][\/vc_row]\n","protected":false},"excerpt":{"rendered":"<p>[vc_row type=\"full_width_background\" full_screen_row_position=\"middle\" column_margin=\"default\" column_direction=\"default\" column_direction_tablet=\"default\" column_direction_phone=\"default\" bg_color=\"#262626&#8243; full_height=\"yes\" columns_placement=\"bottom\" video_bg=\"use_video\" video_mp4=\"https:\/\/hirtkinetics.com\/wp-content\/uploads\/2025\/07\/Metallbauer_Loop_HG.mp4&#8243; background_video_loading=\"default\" scene_position=\"center\" text_color=\"light\" text_align=\"left\" row_border_radius=\"none\" row_border_radius_applies=\"bg\" overflow=\"visible\" advanced_gradient=\"linear-gradient(0deg, rgb(0,0,0) 0%, rgba(0,0,0,252) 0%, rgba(0,0,0,0) 43%)\" shape_divider_position=\"bottom\" bg_image_animation=\"zoom-out\" mobile_disable_bg_image_animation=\"true\" parallax_bg=\"true\"&#8230;<\/p>\n","protected":false},"author":1,"featured_media":0,"parent":0,"menu_order":0,"comment_status":"closed","ping_status":"closed","template":"","meta":{"inline_featured_image":false,"footnotes":""},"class_list":["post-10945","page","type-page","status-publish"],"_links":{"self":[{"href":"https:\/\/hirtkinetics.com\/de\/wp-json\/wp\/v2\/pages\/10945","targetHints":{"allow":["GET"]}}],"collection":[{"href":"https:\/\/hirtkinetics.com\/de\/wp-json\/wp\/v2\/pages"}],"about":[{"href":"https:\/\/hirtkinetics.com\/de\/wp-json\/wp\/v2\/types\/page"}],"author":[{"embeddable":true,"href":"https:\/\/hirtkinetics.com\/de\/wp-json\/wp\/v2\/users\/1"}],"replies":[{"embeddable":true,"href":"https:\/\/hirtkinetics.com\/de\/wp-json\/wp\/v2\/comments?post=10945"}],"version-history":[{"count":0,"href":"https:\/\/hirtkinetics.com\/de\/wp-json\/wp\/v2\/pages\/10945\/revisions"}],"wp:attachment":[{"href":"https:\/\/hirtkinetics.com\/de\/wp-json\/wp\/v2\/media?parent=10945"}],"curies":[{"name":"wp","href":"https:\/\/api.w.org\/{rel}","templated":true}]}}